{"id":8,"date":"2021-07-30T10:39:06","date_gmt":"2021-07-30T13:39:06","guid":{"rendered":"https:\/\/britaindustria.com\/?page_id=8"},"modified":"2024-11-27T16:30:11","modified_gmt":"2024-11-27T19:30:11","slug":"elementor-8","status":"publish","type":"page","link":"http:\/\/britaindustria.com\/","title":{"rendered":"Home"},"content":{"rendered":"\t\t<div data-elementor-type=\"wp-page\" data-elementor-id=\"8\" class=\"elementor elementor-8\" data-elementor-post-type=\"page\">\n\t\t\t\t\t\t<section class=\"elementor-section elementor-top-section elementor-element elementor-element-569ba7f elementor-section-full_width elementor-section-height-min-height elementor-section-height-default elementor-section-items-middle\" data-id=\"569ba7f\" data-element_type=\"section\" data-settings=\"{&quot;background_background&quot;:&quot;classic&quot;}\">\n\t\t\t\t\t\t<div class=\"elementor-container elementor-column-gap-no\">\n\t\t\t\t\t<div class=\"elementor-column elementor-col-100 elementor-top-column elementor-element elementor-element-9c7a9ef\" data-id=\"9c7a9ef\" data-element_type=\"column\">\n\t\t\t<div class=\"elementor-widget-wrap elementor-element-populated\">\n\t\t\t\t\t\t<div class=\"elementor-element elementor-element-178b518 elementor-widget__width-auto elementor-absolute elementor-hidden-phone elementor-widget elementor-widget-image\" data-id=\"178b518\" data-element_type=\"widget\" data-settings=\"{&quot;motion_fx_motion_fx_scrolling&quot;:&quot;yes&quot;,&quot;motion_fx_translateY_effect&quot;:&quot;yes&quot;,&quot;_position&quot;:&quot;absolute&quot;,&quot;motion_fx_translateY_speed&quot;:{&quot;unit&quot;:&quot;px&quot;,&quot;size&quot;:4,&quot;sizes&quot;:[]},&quot;motion_fx_translateY_affectedRange&quot;:{&quot;unit&quot;:&quot;%&quot;,&quot;size&quot;:&quot;&quot;,&quot;sizes&quot;:{&quot;start&quot;:0,&quot;end&quot;:100}},&quot;motion_fx_devices&quot;:[&quot;desktop&quot;,&quot;tablet&quot;,&quot;mobile&quot;]}\" data-widget_type=\"image.default\">\n\t\t\t\t<div class=\"elementor-widget-container\">\n\t\t\t\t\t\t\t\t\t\t\t\t\t\t\t<img decoding=\"async\" src=\"http:\/\/britaindustria.com\/wp-content\/uploads\/elementor\/thumbs\/ornamento-pawis74gpbi54ila7bimorlxy4036t7f40ft5lcpns.png\" title=\"ornamento\" alt=\"ornamento\" loading=\"lazy\" \/>\t\t\t\t\t\t\t\t\t\t\t\t\t\t\t<\/div>\n\t\t\t\t<\/div>\n\t\t\t\t\t<\/div>\n\t\t<\/div>\n\t\t\t\t\t<\/div>\n\t\t<\/section>\n\t\t\t\t<section class=\"elementor-section elementor-top-section elementor-element elementor-element-9351106 elementor-section-boxed elementor-section-height-default elementor-section-height-default\" data-id=\"9351106\" data-element_type=\"section\" id=\"Sobre\">\n\t\t\t\t\t\t<div class=\"elementor-container elementor-column-gap-default\">\n\t\t\t\t\t<div class=\"elementor-column elementor-col-100 elementor-top-column elementor-element elementor-element-bdb48c7\" data-id=\"bdb48c7\" data-element_type=\"column\">\n\t\t\t<div class=\"elementor-widget-wrap elementor-element-populated\">\n\t\t\t\t\t\t<div class=\"elementor-element elementor-element-238f383 elementor-widget__width-auto elementor-widget-mobile__width-auto elementor-fixed elementor-view-default elementor-widget elementor-widget-icon\" data-id=\"238f383\" data-element_type=\"widget\" data-settings=\"{&quot;_animation_mobile&quot;:&quot;fadeInUp&quot;,&quot;_position&quot;:&quot;fixed&quot;}\" data-widget_type=\"icon.default\">\n\t\t\t\t<div class=\"elementor-widget-container\">\n\t\t\t\t\t\t\t<div class=\"elementor-icon-wrapper\">\n\t\t\t<a class=\"elementor-icon elementor-animation-grow\" href=\"https:\/\/api.whatsapp.com\/send?phone=558699578359\" target=\"_blank\">\n\t\t\t<i aria-hidden=\"true\" class=\"fab fa-whatsapp\"><\/i>\t\t\t<\/a>\n\t\t<\/div>\n\t\t\t\t\t\t<\/div>\n\t\t\t\t<\/div>\n\t\t\t\t<div class=\"elementor-element elementor-element-6b6adb5 elementor-widget elementor-widget-heading\" data-id=\"6b6adb5\" data-element_type=\"widget\" data-widget_type=\"heading.default\">\n\t\t\t\t<div class=\"elementor-widget-container\">\n\t\t\t\t\t<h1 class=\"elementor-heading-title elementor-size-default\">Quem somoS<\/h1>\t\t\t\t<\/div>\n\t\t\t\t<\/div>\n\t\t\t\t<div class=\"elementor-element elementor-element-464ebed elementor-widget elementor-widget-text-editor\" data-id=\"464ebed\" data-element_type=\"widget\" data-widget_type=\"text-editor.default\">\n\t\t\t\t<div class=\"elementor-widget-container\">\n\t\t\t\t\t\t\t\t\tDesde 1993 atuamos na produ\u00e7\u00e3o de agregados para a constru\u00e7\u00e3o civil e pesada. Pautados no\u00a0 respeito e honestidade para com os nossos clientes, pontualidade e qualidade s\u00e3o as nossas principais caracter\u00edsticas.\n\nDispomos de carros pr\u00f3prios para entrega, fa\u00e7a agora uma cota\u00e7\u00e3o.\t\t\t\t\t\t\t\t<\/div>\n\t\t\t\t<\/div>\n\t\t\t\t\t<\/div>\n\t\t<\/div>\n\t\t\t\t\t<\/div>\n\t\t<\/section>\n\t\t\t\t<section class=\"elementor-section elementor-top-section elementor-element elementor-element-0ee98c2 elementor-section-boxed elementor-section-height-default elementor-section-height-default\" data-id=\"0ee98c2\" data-element_type=\"section\" id=\"Produtos\">\n\t\t\t\t\t\t<div class=\"elementor-container elementor-column-gap-default\">\n\t\t\t\t\t<div class=\"elementor-column elementor-col-100 elementor-top-column elementor-element elementor-element-617010e\" data-id=\"617010e\" data-element_type=\"column\">\n\t\t\t<div class=\"elementor-widget-wrap elementor-element-populated\">\n\t\t\t\t\t\t<div class=\"elementor-element elementor-element-531db67 elementor-widget elementor-widget-heading\" data-id=\"531db67\" data-element_type=\"widget\" data-widget_type=\"heading.default\">\n\t\t\t\t<div class=\"elementor-widget-container\">\n\t\t\t\t\t<h1 class=\"elementor-heading-title elementor-size-default\">produtos<\/h1>\t\t\t\t<\/div>\n\t\t\t\t<\/div>\n\t\t\t\t<div class=\"elementor-element elementor-element-1a35760 elementor-widget elementor-widget-html\" data-id=\"1a35760\" data-element_type=\"widget\" data-widget_type=\"html.default\">\n\t\t\t\t<div class=\"elementor-widget-container\">\n\t\t\t\t\t<p class=\"produtos\">\n<strong>P\u00f3 de pedra (0-4,2 mm):<\/strong> Utilizado na confec\u00e7\u00e3o de concreto de cimento e concreto asf\u00e1ltico.<br><br>\n\n<strong>Brita 0 - 7 mm:<\/strong> Utilizado no rejuntamento de cal\u00e7amentos, confec\u00e7\u00e3o de blocos de concreto e CBUQ.<br><br>\n\n<strong>Brita 0 (12mm): <\/strong>Utilizado na fabrica\u00e7\u00e3o de concreto asf\u00e1ltico, lajotas, bloquetes, intertravados, lajes, jateamento de t\u00faneis e acabamentos em geral.<br><br>\n\n<strong>Brita 01 (19mm): <\/strong>Apropriado para fabrica\u00e7\u00e3o de concreto, \u00e9 o mais utilizado pela constru\u00e7\u00e3o civil, com diversas aplica\u00e7\u00f5es, como na constru\u00e7\u00e3o de pontes, edifica\u00e7\u00f5es e grandes lajes.<br><br>\n\n<strong>Brita 02 (25mm):<\/strong> Voltado para fabrica\u00e7\u00e3o de concretos, que exijam mais resist\u00eancia, principalmente, em formas pesadas.<br><br>\n\n<strong>Pedra Marroada (4\"):<\/strong> Tamb\u00e9m denominada rancho, \u00e9 destinada para fabrica\u00e7\u00e3o de gabi\u00f5es, muros de conten\u00e7\u00e3o e bases, funda\u00e7\u00f5es.<br><br>\n\n<strong>Brita Graduada Simples - BGS:<\/strong> Material nobre para base de estradas e pavimenta\u00e7\u00f5es, em geral, utiliza-se tamb\u00e9m em pisos, p\u00e1tios e galp\u00f5es.\n<\/p>\t\t\t\t<\/div>\n\t\t\t\t<\/div>\n\t\t\t\t\t<\/div>\n\t\t<\/div>\n\t\t\t\t\t<\/div>\n\t\t<\/section>\n\t\t\t\t<section class=\"elementor-section elementor-top-section elementor-element elementor-element-337ef66 elementor-section-boxed elementor-section-height-default elementor-section-height-default\" data-id=\"337ef66\" data-element_type=\"section\" id=\"orcamento\" data-settings=\"{&quot;background_background&quot;:&quot;classic&quot;}\">\n\t\t\t\t\t\t<div class=\"elementor-container elementor-column-gap-default\">\n\t\t\t\t\t<div class=\"elementor-column elementor-col-100 elementor-top-column elementor-element elementor-element-1bbb41b\" data-id=\"1bbb41b\" data-element_type=\"column\">\n\t\t\t<div class=\"elementor-widget-wrap elementor-element-populated\">\n\t\t\t\t\t\t<div class=\"elementor-element elementor-element-3666103 elementor-button-align-center elementor-widget elementor-widget-form\" data-id=\"3666103\" data-element_type=\"widget\" id=\"Formulario\" data-settings=\"{&quot;step_next_label&quot;:&quot;Next&quot;,&quot;step_previous_label&quot;:&quot;Previous&quot;,&quot;button_width&quot;:&quot;100&quot;,&quot;step_type&quot;:&quot;number_text&quot;,&quot;step_icon_shape&quot;:&quot;circle&quot;}\" data-widget_type=\"form.default\">\n\t\t\t\t<div class=\"elementor-widget-container\">\n\t\t\t\t\t\t\t<form class=\"elementor-form\" method=\"post\" name=\"Contato\">\n\t\t\t<input type=\"hidden\" name=\"post_id\" value=\"8\"\/>\n\t\t\t<input type=\"hidden\" name=\"form_id\" value=\"3666103\"\/>\n\t\t\t<input type=\"hidden\" name=\"referer_title\" value=\"\" \/>\n\n\t\t\t\n\t\t\t<div class=\"elementor-form-fields-wrapper elementor-labels-above\">\n\t\t\t\t\t\t\t\t<div class=\"elementor-field-type-text elementor-field-group elementor-column elementor-field-group-name elementor-col-100 elementor-field-required elementor-mark-required\">\n\t\t\t\t\t\t\t\t\t\t\t\t<label for=\"form-field-name\" class=\"elementor-field-label\">\n\t\t\t\t\t\t\t\tNome\t\t\t\t\t\t\t<\/label>\n\t\t\t\t\t\t\t\t\t\t\t\t\t\t<input size=\"1\" type=\"text\" name=\"form_fields[name]\" id=\"form-field-name\" class=\"elementor-field elementor-size-xs  elementor-field-textual\" required=\"required\" aria-required=\"true\">\n\t\t\t\t\t\t\t\t\t\t\t<\/div>\n\t\t\t\t\t\t\t\t<div class=\"elementor-field-type-text elementor-field-group elementor-column elementor-field-group-email elementor-col-100 elementor-field-required elementor-mark-required\">\n\t\t\t\t\t\t\t\t\t\t\t\t<label for=\"form-field-email\" class=\"elementor-field-label\">\n\t\t\t\t\t\t\t\tCidade\t\t\t\t\t\t\t<\/label>\n\t\t\t\t\t\t\t\t\t\t\t\t\t\t<input size=\"1\" type=\"text\" name=\"form_fields[email]\" id=\"form-field-email\" class=\"elementor-field elementor-size-xs  elementor-field-textual\" required=\"required\" aria-required=\"true\">\n\t\t\t\t\t\t\t\t\t\t\t<\/div>\n\t\t\t\t\t\t\t\t<div class=\"elementor-field-type-text elementor-field-group elementor-column elementor-field-group-field_8fd86d2 elementor-col-40 elementor-field-required elementor-mark-required\">\n\t\t\t\t\t\t\t\t\t\t\t\t<label for=\"form-field-field_8fd86d2\" class=\"elementor-field-label\">\n\t\t\t\t\t\t\t\tUF\t\t\t\t\t\t\t<\/label>\n\t\t\t\t\t\t\t\t\t\t\t\t\t\t<input size=\"1\" type=\"text\" name=\"form_fields[field_8fd86d2]\" id=\"form-field-field_8fd86d2\" class=\"elementor-field elementor-size-xs  elementor-field-textual\" required=\"required\" aria-required=\"true\">\n\t\t\t\t\t\t\t\t\t\t\t<\/div>\n\t\t\t\t\t\t\t\t<div class=\"elementor-field-type-email elementor-field-group elementor-column elementor-field-group-field_609cadf elementor-col-100 elementor-field-required elementor-mark-required\">\n\t\t\t\t\t\t\t\t\t\t\t\t<label for=\"form-field-field_609cadf\" class=\"elementor-field-label\">\n\t\t\t\t\t\t\t\tEmail\t\t\t\t\t\t\t<\/label>\n\t\t\t\t\t\t\t\t\t\t\t\t\t\t<input size=\"1\" type=\"email\" name=\"form_fields[field_609cadf]\" id=\"form-field-field_609cadf\" class=\"elementor-field elementor-size-xs  elementor-field-textual\" required=\"required\" aria-required=\"true\">\n\t\t\t\t\t\t\t\t\t\t\t<\/div>\n\t\t\t\t\t\t\t\t<div class=\"elementor-field-type-tel elementor-field-group elementor-column elementor-field-group-field_a352589 elementor-col-100 elementor-field-required elementor-mark-required\">\n\t\t\t\t\t\t\t\t\t\t\t\t<label for=\"form-field-field_a352589\" class=\"elementor-field-label\">\n\t\t\t\t\t\t\t\tTelefone\t\t\t\t\t\t\t<\/label>\n\t\t\t\t\t\t\t\t<input size=\"1\" type=\"tel\" name=\"form_fields[field_a352589]\" id=\"form-field-field_a352589\" class=\"elementor-field elementor-size-xs  elementor-field-textual\" required=\"required\" aria-required=\"true\" pattern=\"[0-9()#&amp;+*-=.]+\" title=\"Only numbers and phone characters (#, -, *, etc) are accepted.\">\n\n\t\t\t\t\t\t<\/div>\n\t\t\t\t\t\t\t\t<div class=\"elementor-field-type-text elementor-field-group elementor-column elementor-field-group-field_d10f922 elementor-col-100 elementor-field-required elementor-mark-required\">\n\t\t\t\t\t\t\t\t\t\t\t\t<label for=\"form-field-field_d10f922\" class=\"elementor-field-label\">\n\t\t\t\t\t\t\t\tAssunto\t\t\t\t\t\t\t<\/label>\n\t\t\t\t\t\t\t\t\t\t\t\t\t\t<input size=\"1\" type=\"text\" name=\"form_fields[field_d10f922]\" id=\"form-field-field_d10f922\" class=\"elementor-field elementor-size-xs  elementor-field-textual\" value=\"Or\u00e7amento\" required=\"required\" aria-required=\"true\">\n\t\t\t\t\t\t\t\t\t\t\t<\/div>\n\t\t\t\t\t\t\t\t<div class=\"elementor-field-type-text elementor-field-group elementor-column elementor-field-group-field_d899415 elementor-col-100\">\n\t\t\t\t\t\t\t\t\t\t\t\t<label for=\"form-field-field_d899415\" class=\"elementor-field-label\">\n\t\t\t\t\t\t\t\tNome e tipo de material\t\t\t\t\t\t\t<\/label>\n\t\t\t\t\t\t\t\t\t\t\t\t\t\t<input size=\"1\" type=\"text\" name=\"form_fields[field_d899415]\" id=\"form-field-field_d899415\" class=\"elementor-field elementor-size-xs  elementor-field-textual\" placeholder=\"Ex: Brita Graduada Simples, Brita 0, Brita 1, Brita 2 e outras conforme encomenda.\">\n\t\t\t\t\t\t\t\t\t\t\t<\/div>\n\t\t\t\t\t\t\t\t<div class=\"elementor-field-type-checkbox elementor-field-group elementor-column elementor-field-group-field_a02d2ae elementor-col-100\">\n\t\t\t\t\t\t\t\t\t\t\t\t<label for=\"form-field-field_a02d2ae\" class=\"elementor-field-label\">\n\t\t\t\t\t\t\t\tAmbiente de aplica\u00e7\u00e3o\t\t\t\t\t\t\t<\/label>\n\t\t\t\t\t\t<div class=\"elementor-field-subgroup  \"><span class=\"elementor-field-option\"><input type=\"checkbox\" value=\"Constru\u00e7\u00e3o civil\" id=\"form-field-field_a02d2ae-0\" name=\"form_fields[field_a02d2ae][]\"> <label for=\"form-field-field_a02d2ae-0\">Constru\u00e7\u00e3o civil<\/label><\/span><span class=\"elementor-field-option\"><input type=\"checkbox\" value=\"Constru\u00e7\u00e3o Rodovi\u00e1ria\" id=\"form-field-field_a02d2ae-1\" name=\"form_fields[field_a02d2ae][]\"> <label for=\"form-field-field_a02d2ae-1\">Constru\u00e7\u00e3o Rodovi\u00e1ria<\/label><\/span><span class=\"elementor-field-option\"><input type=\"checkbox\" value=\"Constru\u00e7\u00e3o Ferrovi\u00e1ria\" id=\"form-field-field_a02d2ae-2\" name=\"form_fields[field_a02d2ae][]\"> <label for=\"form-field-field_a02d2ae-2\">Constru\u00e7\u00e3o Ferrovi\u00e1ria<\/label><\/span><span class=\"elementor-field-option\"><input type=\"checkbox\" value=\"Pavimenta\u00e7\u00e3o em geral\" id=\"form-field-field_a02d2ae-3\" name=\"form_fields[field_a02d2ae][]\"> <label for=\"form-field-field_a02d2ae-3\">Pavimenta\u00e7\u00e3o em geral<\/label><\/span><span class=\"elementor-field-option\"><input type=\"checkbox\" value=\"Obras de artes especiais\" id=\"form-field-field_a02d2ae-4\" name=\"form_fields[field_a02d2ae][]\"> <label for=\"form-field-field_a02d2ae-4\">Obras de artes especiais<\/label><\/span><\/div>\t\t\t\t<\/div>\n\t\t\t\t\t\t\t\t<div class=\"elementor-field-type-number elementor-field-group elementor-column elementor-field-group-field_5fa165e elementor-col-40 elementor-field-required elementor-mark-required\">\n\t\t\t\t\t\t\t\t\t\t\t\t<label for=\"form-field-field_5fa165e\" class=\"elementor-field-label\">\n\t\t\t\t\t\t\t\tQuant. em Toneladas\t\t\t\t\t\t\t<\/label>\n\t\t\t\t\t\t\t\t\t<input type=\"number\" name=\"form_fields[field_5fa165e]\" id=\"form-field-field_5fa165e\" class=\"elementor-field elementor-size-xs  elementor-field-textual\" required=\"required\" aria-required=\"true\" min=\"\" max=\"\" >\n\t\t\t\t\t\t<\/div>\n\t\t\t\t\t\t\t\t<div class=\"elementor-field-type-radio elementor-field-group elementor-column elementor-field-group-field_5d658e9 elementor-col-100 elementor-field-required elementor-mark-required\">\n\t\t\t\t\t\t\t\t\t\t\t\t<label for=\"form-field-field_5d658e9\" class=\"elementor-field-label\">\n\t\t\t\t\t\t\t\tCarregamento\t\t\t\t\t\t\t<\/label>\n\t\t\t\t\t\t<div class=\"elementor-field-subgroup  \"><span class=\"elementor-field-option\"><input type=\"radio\" value=\"Entrega na obra\" id=\"form-field-field_5d658e9-0\" name=\"form_fields[field_5d658e9]\" required=\"required\" aria-required=\"true\"> <label for=\"form-field-field_5d658e9-0\">Entrega na obra<\/label><\/span><span class=\"elementor-field-option\"><input type=\"radio\" value=\"Entrega na jazida\" id=\"form-field-field_5d658e9-1\" name=\"form_fields[field_5d658e9]\" required=\"required\" aria-required=\"true\"> <label for=\"form-field-field_5d658e9-1\">Entrega na jazida<\/label><\/span><\/div>\t\t\t\t<\/div>\n\t\t\t\t\t\t\t\t<div class=\"elementor-field-type-text elementor-field-group elementor-column elementor-field-group-field_2aac0b9 elementor-col-100 elementor-field-required elementor-mark-required\">\n\t\t\t\t\t\t\t\t\t\t\t\t<label for=\"form-field-field_2aac0b9\" class=\"elementor-field-label\">\n\t\t\t\t\t\t\t\tEndere\u00e7o de entrega\t\t\t\t\t\t\t<\/label>\n\t\t\t\t\t\t\t\t\t\t\t\t\t\t<input size=\"1\" type=\"text\" name=\"form_fields[field_2aac0b9]\" id=\"form-field-field_2aac0b9\" class=\"elementor-field elementor-size-xs  elementor-field-textual\" required=\"required\" aria-required=\"true\">\n\t\t\t\t\t\t\t\t\t\t\t<\/div>\n\t\t\t\t\t\t\t\t<div class=\"elementor-field-type-textarea elementor-field-group elementor-column elementor-field-group-field_2c8ea4b elementor-col-100\">\n\t\t\t\t\t\t\t\t\t\t\t\t<label for=\"form-field-field_2c8ea4b\" class=\"elementor-field-label\">\n\t\t\t\t\t\t\t\tObserva\u00e7\u00f5es\t\t\t\t\t\t\t<\/label>\n\t\t\t\t\t\t<textarea class=\"elementor-field-textual elementor-field  elementor-size-xs\" name=\"form_fields[field_2c8ea4b]\" id=\"form-field-field_2c8ea4b\" rows=\"2\"><\/textarea>\t\t\t\t<\/div>\n\t\t\t\t\t\t\t\t<div class=\"elementor-field-group elementor-column elementor-field-type-submit elementor-col-100 e-form__buttons\">\n\t\t\t\t\t<button type=\"submit\" class=\"elementor-button elementor-size-md\">\n\t\t\t\t\t\t<span >\n\t\t\t\t\t\t\t\t\t\t\t\t\t\t\t<span class=\" elementor-button-icon\">\n\t\t\t\t\t\t\t\t\t\t\t\t\t\t\t\t\t\t\t\t\t\t\t\t\t\t<\/span>\n\t\t\t\t\t\t\t\t\t\t\t\t\t\t\t\t\t\t\t\t\t\t<span class=\"elementor-button-text\">Enviar<\/span>\n\t\t\t\t\t\t\t\t\t\t\t\t\t<\/span>\n\t\t\t\t\t<\/button>\n\t\t\t\t<\/div>\n\t\t\t<\/div>\n\t\t<\/form>\n\t\t\t\t\t\t<\/div>\n\t\t\t\t<\/div>\n\t\t\t\t\t<\/div>\n\t\t<\/div>\n\t\t\t\t\t<\/div>\n\t\t<\/section>\n\t\t\t\t<section class=\"elementor-section elementor-top-section elementor-element elementor-element-e753ea0 elementor-section-full_width elementor-section-content-middle elementor-reverse-mobile elementor-section-height-default elementor-section-height-default\" data-id=\"e753ea0\" data-element_type=\"section\" id=\"contato\" data-settings=\"{&quot;background_background&quot;:&quot;classic&quot;}\">\n\t\t\t\t\t\t<div class=\"elementor-container elementor-column-gap-no\">\n\t\t\t\t\t<div class=\"elementor-column elementor-col-50 elementor-top-column elementor-element elementor-element-661d5e3\" data-id=\"661d5e3\" data-element_type=\"column\">\n\t\t\t<div class=\"elementor-widget-wrap elementor-element-populated\">\n\t\t\t\t\t\t<div class=\"elementor-element elementor-element-6089df7 elementor-widget elementor-widget-google_maps\" data-id=\"6089df7\" data-element_type=\"widget\" data-widget_type=\"google_maps.default\">\n\t\t\t\t<div class=\"elementor-widget-container\">\n\t\t\t\t\t\t\t<div class=\"elementor-custom-embed\">\n\t\t\t<iframe loading=\"lazy\"\n\t\t\t\t\tsrc=\"https:\/\/maps.google.com\/maps?q=Av.%20Dep.%20Paulo%20Ferraz%2C%202640%20-%20S%C3%A3o%20Raimundo&#038;t=m&#038;z=10&#038;output=embed&#038;iwloc=near\"\n\t\t\t\t\ttitle=\"Av. Dep. Paulo Ferraz, 2640 - S\u00e3o Raimundo\"\n\t\t\t\t\taria-label=\"Av. Dep. Paulo Ferraz, 2640 - S\u00e3o Raimundo\"\n\t\t\t><\/iframe>\n\t\t<\/div>\n\t\t\t\t\t\t<\/div>\n\t\t\t\t<\/div>\n\t\t\t\t\t<\/div>\n\t\t<\/div>\n\t\t\t\t<div class=\"elementor-column elementor-col-50 elementor-top-column elementor-element elementor-element-b962a07\" data-id=\"b962a07\" data-element_type=\"column\">\n\t\t\t<div class=\"elementor-widget-wrap elementor-element-populated\">\n\t\t\t\t\t\t<div class=\"elementor-element elementor-element-4f30f00 elementor-widget elementor-widget-html\" data-id=\"4f30f00\" data-element_type=\"widget\" data-widget_type=\"html.default\">\n\t\t\t\t<div class=\"elementor-widget-container\">\n\t\t\t\t\t<p class=\"adress\">\r\n<strong>Escrit\u00f3rio<\/strong><br><br>\r\n\r\nEndere\u00e7o: Av. Deputado Paulo Ferraz 2640<br>\r\n\r\nBairro: Dirceu Arcoverde<br>\r\n\r\nCep: 64.076-160<br>\r\n\r\nCidade: Teresina - PI<br><br>\r\n\r\n<strong>Jazida BI<\/strong><br><br>\r\n\r\nEndere\u00e7o: PI 130 KM 48 Loc. Bananeiras<br>\r\n\r\nCep: 64.022-050<br>\r\n\r\nCidade: Teresina - PI<br>\r\n\r\n<a href=\"https:\/\/goo.gl\/maps\/V15ds8C2bYPRq2sJ6\" target=\"_blank\">Ver no mapa<\/a><br><br>\r\n\r\n<strong>Jazida BII<\/strong><br>\r\n\r\nEndere\u00e7o: BR 316 Km 50 Faz. Boa Esperan\u00e7a<br>\r\n\r\nCidade: Teresina - PI<br>\r\n\r\nCep: 64.450-000<br>\r\n<a href=\"https:\/\/goo.gl\/maps\/SJ6Hd1ezpncMmr868\" target=\"_blank\">Ver no mapa<\/a><br><br>\r\n<a href=\"mailto:brita@britaindustria.com\">brita@britaindustria.com<\/a><br>\r\n<a href=\"tel:8632363939\">\r\n(86) 3236-3939<\/a><br>\r\n\r\n<a href=\"tel:8632361325\">\r\n(86) 3236-1325<\/a><br>\r\n\r\n<a href=\"https:\/\/api.whatsapp.com\/send?phone=558699578359\" target=\"_blank\">\r\n(86) 9 9957-8359 <i class=\"fab fa-whatsapp\"><\/i><\/a><br>\r\n<\/p>\t\t\t\t<\/div>\n\t\t\t\t<\/div>\n\t\t\t\t\t<\/div>\n\t\t<\/div>\n\t\t\t\t\t<\/div>\n\t\t<\/section>\n\t\t\t\t<section class=\"elementor-section elementor-top-section elementor-element elementor-element-c4d38ce elementor-section-boxed elementor-section-height-default elementor-section-height-default\" data-id=\"c4d38ce\" data-element_type=\"section\" data-settings=\"{&quot;background_background&quot;:&quot;classic&quot;}\">\n\t\t\t\t\t\t<div class=\"elementor-container elementor-column-gap-default\">\n\t\t\t\t\t<div class=\"elementor-column elementor-col-100 elementor-top-column elementor-element elementor-element-af9768f\" data-id=\"af9768f\" data-element_type=\"column\">\n\t\t\t<div class=\"elementor-widget-wrap\">\n\t\t\t\t\t\t\t<\/div>\n\t\t<\/div>\n\t\t\t\t\t<\/div>\n\t\t<\/section>\n\t\t\t\t<section class=\"elementor-section elementor-top-section elementor-element elementor-element-8cb62af elementor-section-boxed elementor-section-height-default elementor-section-height-default\" data-id=\"8cb62af\" data-element_type=\"section\">\n\t\t\t\t\t\t<div class=\"elementor-container elementor-column-gap-default\">\n\t\t\t\t\t<div class=\"elementor-column elementor-col-100 elementor-top-column elementor-element elementor-element-9508544\" data-id=\"9508544\" data-element_type=\"column\">\n\t\t\t<div class=\"elementor-widget-wrap\">\n\t\t\t\t\t\t\t<\/div>\n\t\t<\/div>\n\t\t\t\t\t<\/div>\n\t\t<\/section>\n\t\t\t\t<\/div>\n\t\t","protected":false},"excerpt":{"rendered":"<p>Quem somoS Desde 1993 atuamos na produ\u00e7\u00e3o de agregados para a constru\u00e7\u00e3o civil e pesada. Pautados no\u00a0 respeito e honestidade para com os nossos clientes, pontualidade e qualidade s\u00e3o as nossas principais caracter\u00edsticas. Dispomos de carros pr\u00f3prios para entrega, fa\u00e7a agora uma cota\u00e7\u00e3o. produtos P\u00f3 de pedra (0-4,2 mm): Utilizado na confec\u00e7\u00e3o de concreto de <a href=\"http:\/\/britaindustria.com\/\" class=\"more-link\">&#8230;<span class=\"screen-reader-text\">  Home<\/span><\/a><\/p>\n","protected":false},"author":1,"featured_media":0,"parent":0,"menu_order":0,"comment_status":"closed","ping_status":"closed","template":"","meta":{"footnotes":""},"class_list":["post-8","page","type-page","status-publish","hentry"],"_links":{"self":[{"href":"http:\/\/britaindustria.com\/index.php\/wp-json\/wp\/v2\/pages\/8","targetHints":{"allow":["GET"]}}],"collection":[{"href":"http:\/\/britaindustria.com\/index.php\/wp-json\/wp\/v2\/pages"}],"about":[{"href":"http:\/\/britaindustria.com\/index.php\/wp-json\/wp\/v2\/types\/page"}],"author":[{"embeddable":true,"href":"http:\/\/britaindustria.com\/index.php\/wp-json\/wp\/v2\/users\/1"}],"replies":[{"embeddable":true,"href":"http:\/\/britaindustria.com\/index.php\/wp-json\/wp\/v2\/comments?post=8"}],"version-history":[{"count":177,"href":"http:\/\/britaindustria.com\/index.php\/wp-json\/wp\/v2\/pages\/8\/revisions"}],"predecessor-version":[{"id":267,"href":"http:\/\/britaindustria.com\/index.php\/wp-json\/wp\/v2\/pages\/8\/revisions\/267"}],"wp:attachment":[{"href":"http:\/\/britaindustria.com\/index.php\/wp-json\/wp\/v2\/media?parent=8"}],"curies":[{"name":"wp","href":"https:\/\/api.w.org\/{rel}","templated":true}]}}